{"id":126,"date":"2018-09-06T23:36:27","date_gmt":"2018-09-06T23:36:27","guid":{"rendered":"https:\/\/almaruruguay.com\/?page_id=126"},"modified":"2024-04-24T18:47:04","modified_gmt":"2024-04-24T18:47:04","slug":"servicios-almar","status":"publish","type":"page","link":"https:\/\/almaruruguay.com\/en_en\/servicios-almar\/","title":{"rendered":"Freight transportation"},"content":{"rendered":"<div data-elementor-type=\"wp-page\" data-elementor-id=\"126\" class=\"elementor elementor-126\" data-elementor-post-type=\"page\">\n\t\t\t\t<div class=\"elementor-element elementor-element-22b691b e-con-full e-flex e-con e-parent\" data-id=\"22b691b\" data-element_type=\"container\" data-settings=\"{&quot;background_background&quot;:&quot;classic&quot;}\">\n\t\t\t\t<div class=\"elementor-element elementor-element-aec8691 elementor-widget elementor-widget-heading\" data-id=\"aec8691\" data-element_type=\"widget\" data-widget_type=\"heading.default\">\n\t\t\t\t<div class=\"elementor-widget-container\">\n\t\t\t\t\t<h2 class=\"elementor-heading-title elementor-size-default\">Comprehensive Transportation of International Cargo<\/h2>\t\t\t\t<\/div>\n\t\t\t\t<\/div>\n\t\t\t\t<\/div>\n\t\t<div class=\"elementor-element elementor-element-c62cd3f e-flex e-con-boxed e-con e-parent\" data-id=\"c62cd3f\" data-element_type=\"container\">\n\t\t\t\t\t<div class=\"e-con-inner\">\n\t\t<div class=\"elementor-element elementor-element-adb318e e-flex e-con-boxed e-con e-child\" data-id=\"adb318e\" data-element_type=\"container\">\n\t\t\t\t\t<div class=\"e-con-inner\">\n\t\t\t\t<div class=\"elementor-element elementor-element-602aee1 elementor-widget elementor-widget-heading\" data-id=\"602aee1\" data-element_type=\"widget\" data-widget_type=\"heading.default\">\n\t\t\t\t<div class=\"elementor-widget-container\">\n\t\t\t\t\t<h2 class=\"elementor-heading-title elementor-size-default\">Maritime transport\n<\/h2>\t\t\t\t<\/div>\n\t\t\t\t<\/div>\n\t\t\t\t<div class=\"elementor-element elementor-element-047d719 elementor-widget elementor-widget-text-editor\" data-id=\"047d719\" data-element_type=\"widget\" data-widget_type=\"text-editor.default\">\n\t\t\t\t<div class=\"elementor-widget-container\">\n\t\t\t\t\t\t\t\t\t<p>We give our customers the best option for the movement of their cargo, defining the shortest transit time with the best quality\/cost ratio. For small shipments we also have a Consolidated Service, with weekly frequencies.<\/p>\t\t\t\t\t\t\t\t<\/div>\n\t\t\t\t<\/div>\n\t\t\t\t<div class=\"elementor-element elementor-element-ea0396a elementor-widget elementor-widget-text-editor\" data-id=\"ea0396a\" data-element_type=\"widget\" data-widget_type=\"text-editor.default\">\n\t\t\t\t<div class=\"elementor-widget-container\">\n\t\t\t\t\t\t\t\t\t<ul>\n \t<li>FCL\/FCL load. (Full Container Load).<\/li>\n \t<li>LCL\/LCL load. (Less Than Container Load).<\/li>\n \t<li>NVOCC. (Non-Vessel Operating Common Carrier).<\/li>\n \t<li>Refrigerated load.<\/li>\n \t<li>Bulk cargo.<\/li>\n \t<li>IMO Load<\/li>\n \t<li>Isotank Operator.<\/li>\n<\/ul>\t\t\t\t\t\t\t\t<\/div>\n\t\t\t\t<\/div>\n\t\t\t\t\t<\/div>\n\t\t\t\t<\/div>\n\t\t<div class=\"elementor-element elementor-element-cc24d95 e-flex e-con-boxed e-con e-child\" data-id=\"cc24d95\" data-element_type=\"container\">\n\t\t\t\t\t<div class=\"e-con-inner\">\n\t\t\t\t<div class=\"elementor-element elementor-element-08c2f58 elementor-widget elementor-widget-heading\" data-id=\"08c2f58\" data-element_type=\"widget\" data-widget_type=\"heading.default\">\n\t\t\t\t<div class=\"elementor-widget-container\">\n\t\t\t\t\t<h2 class=\"elementor-heading-title elementor-size-default\">Air Transport\n<\/h2>\t\t\t\t<\/div>\n\t\t\t\t<\/div>\n\t\t\t\t<div class=\"elementor-element elementor-element-05c5358 elementor-widget elementor-widget-text-editor\" data-id=\"05c5358\" data-element_type=\"widget\" data-widget_type=\"text-editor.default\">\n\t\t\t\t<div class=\"elementor-widget-container\">\n\t\t\t\t\t\t\t\t\t<p>Almar Uruguay, as an IATA agent, guarantees trained personnel, quality and reliability in the contracting of air cargo. Its operational service at  Montevideo airport receives the cargo from the shipper and begins the air shipment process, controlling, verifying and dispatching, in both, the export and import of cargo.<\/p>\t\t\t\t\t\t\t\t<\/div>\n\t\t\t\t<\/div>\n\t\t\t\t\t<\/div>\n\t\t\t\t<\/div>\n\t\t<div class=\"elementor-element elementor-element-1638023 e-flex e-con-boxed e-con e-child\" data-id=\"1638023\" data-element_type=\"container\">\n\t\t\t\t\t<div class=\"e-con-inner\">\n\t\t\t\t<div class=\"elementor-element elementor-element-388b925 elementor-widget elementor-widget-heading\" data-id=\"388b925\" data-element_type=\"widget\" data-widget_type=\"heading.default\">\n\t\t\t\t<div class=\"elementor-widget-container\">\n\t\t\t\t\t<h2 class=\"elementor-heading-title elementor-size-default\">Ground transportation<\/h2>\t\t\t\t<\/div>\n\t\t\t\t<\/div>\n\t\t\t\t<div class=\"elementor-element elementor-element-293d500 elementor-widget elementor-widget-text-editor\" data-id=\"293d500\" data-element_type=\"widget\" data-widget_type=\"text-editor.default\">\n\t\t\t\t<div class=\"elementor-widget-container\">\n\t\t\t\t\t\t\t\t\t<p>We have a department with more than 25 years of experience in container land transportation. We provide an efficient and responsible service at a national level, and also, with connections throughout MERCOSUR  and the region as a whole.<\/p>\t\t\t\t\t\t\t\t<\/div>\n\t\t\t\t<\/div>\n\t\t\t\t\t<\/div>\n\t\t\t\t<\/div>\n\t\t\t\t\t<\/div>\n\t\t\t\t<\/div>\n\t\t\t\t<\/div>","protected":false},"excerpt":{"rendered":"<p>Transporte Integral de Cargas Internacionales Transporte Mar\u00edtimo Damos a nuestros clientes la mejor opci\u00f3n para el movimiento de su carga, definiendo el menor tiempo de tr\u00e1nsito con la mejor relaci\u00f3n calidad\/costo. Para peque\u00f1os env\u00edos contamos tambi\u00e9n con un Servicio de Consolidado con frecuencias semanales. Carga FCL\/FCL. (Full Container Load). Carga LCL\/LCL. (Less Than Container Load). &#8230; <a title=\"Freight transportation\" class=\"read-more\" href=\"https:\/\/almaruruguay.com\/en_en\/servicios-almar\/\" aria-label=\"Read more about Transporte de carga\">Read more<\/a><\/p>","protected":false},"author":3,"featured_media":0,"parent":0,"menu_order":0,"comment_status":"closed","ping_status":"closed","template":"","meta":{"inline_featured_image":false,"footnotes":""},"class_list":["post-126","page","type-page","status-publish"],"_links":{"self":[{"href":"https:\/\/almaruruguay.com\/en_en\/wp-json\/wp\/v2\/pages\/126","targetHints":{"allow":["GET"]}}],"collection":[{"href":"https:\/\/almaruruguay.com\/en_en\/wp-json\/wp\/v2\/pages"}],"about":[{"href":"https:\/\/almaruruguay.com\/en_en\/wp-json\/wp\/v2\/types\/page"}],"author":[{"embeddable":true,"href":"https:\/\/almaruruguay.com\/en_en\/wp-json\/wp\/v2\/users\/3"}],"replies":[{"embeddable":true,"href":"https:\/\/almaruruguay.com\/en_en\/wp-json\/wp\/v2\/comments?post=126"}],"version-history":[{"count":20,"href":"https:\/\/almaruruguay.com\/en_en\/wp-json\/wp\/v2\/pages\/126\/revisions"}],"predecessor-version":[{"id":1005,"href":"https:\/\/almaruruguay.com\/en_en\/wp-json\/wp\/v2\/pages\/126\/revisions\/1005"}],"wp:attachment":[{"href":"https:\/\/almaruruguay.com\/en_en\/wp-json\/wp\/v2\/media?parent=126"}],"curies":[{"name":"wp","href":"https:\/\/api.w.org\/{rel}","templated":true}]}}