{"id":63,"date":"2018-09-03T20:32:32","date_gmt":"2018-09-03T20:32:32","guid":{"rendered":"https:\/\/almaruruguay.com\/?page_id=63"},"modified":"2026-03-11T12:08:22","modified_gmt":"2026-03-11T12:08:22","slug":"sobre-nosotros","status":"publish","type":"page","link":"https:\/\/almaruruguay.com\/en_en\/sobre-nosotros\/","title":{"rendered":"Sobre Nosotros"},"content":{"rendered":"<div data-elementor-type=\"wp-page\" data-elementor-id=\"63\" class=\"elementor elementor-63\" data-elementor-post-type=\"page\">\n\t\t\t\t<div class=\"elementor-element elementor-element-9eaf831 e-flex e-con-boxed e-con e-parent\" data-id=\"9eaf831\" data-element_type=\"container\">\n\t\t\t\t\t<div class=\"e-con-inner\">\n\t\t<div class=\"elementor-element elementor-element-cfac5c9 e-con-full e-flex e-con e-child\" data-id=\"cfac5c9\" data-element_type=\"container\">\n\t\t\t\t<div class=\"elementor-element elementor-element-af52c68 elementor-widget elementor-widget-text-editor\" data-id=\"af52c68\" data-element_type=\"widget\" data-widget_type=\"text-editor.default\">\n\t\t\t\t<div class=\"elementor-widget-container\">\n\t\t\t\t\t\t\t\t\t<p>Almar Uruguay S.A. is part of a global network of freight forwarders. We have extensive experience in the mobilization of sea, air and land transportation. Since our foundation in 1999, we have developed a defined and globalized strategy.<\/p>\t\t\t\t\t\t\t\t<\/div>\n\t\t\t\t<\/div>\n\t\t\t\t<div class=\"elementor-element elementor-element-a3982c5 elementor-widget elementor-widget-image\" data-id=\"a3982c5\" data-element_type=\"widget\" data-widget_type=\"image.default\">\n\t\t\t\t<div class=\"elementor-widget-container\">\n\t\t\t\t\t\t\t\t\t\t\t\t\t\t\t<img fetchpriority=\"high\" decoding=\"async\" width=\"551\" height=\"166\" src=\"https:\/\/almaruruguay.com\/wp-content\/uploads\/2018\/09\/camino.png\" class=\"attachment-full size-full wp-image-170\" alt=\"\" srcset=\"https:\/\/almaruruguay.com\/wp-content\/uploads\/2018\/09\/camino.png 551w, https:\/\/almaruruguay.com\/wp-content\/uploads\/2018\/09\/camino-300x90.png 300w, https:\/\/almaruruguay.com\/wp-content\/uploads\/2018\/09\/camino-200x60.png 200w, https:\/\/almaruruguay.com\/wp-content\/uploads\/2018\/09\/camino-400x121.png 400w\" sizes=\"(max-width: 551px) 100vw, 551px\" \/>\t\t\t\t\t\t\t\t\t\t\t\t\t\t\t<\/div>\n\t\t\t\t<\/div>\n\t\t\t\t<div class=\"elementor-element elementor-element-ef47baa elementor-widget__width-initial elementor-widget elementor-widget-heading\" data-id=\"ef47baa\" data-element_type=\"widget\" data-widget_type=\"heading.default\">\n\t\t\t\t<div class=\"elementor-widget-container\">\n\t\t\t\t\t<h2 class=\"elementor-heading-title elementor-size-default\">\"Since 1999, looking ahead, illuminating the path alongside our history.\"<\/h2>\t\t\t\t<\/div>\n\t\t\t\t<\/div>\n\t\t\t\t<div class=\"elementor-element elementor-element-1b1c065 elementor-widget elementor-widget-text-editor\" data-id=\"1b1c065\" data-element_type=\"widget\" data-widget_type=\"text-editor.default\">\n\t\t\t\t<div class=\"elementor-widget-container\">\n\t\t\t\t\t\t\t\t\t<p>The changes and evolutions of the market have shown us how important flexibility and the ability to adapt are in a company. Above all, we have worked to be at the forefront, to provide innovative technology and achieve competitive advantages that differentiate us through the quality of our services.<\/p>\t\t\t\t\t\t\t\t<\/div>\n\t\t\t\t<\/div>\n\t\t\t\t<\/div>\n\t\t\t\t\t<\/div>\n\t\t\t\t<\/div>\n\t\t<div class=\"elementor-element elementor-element-4bab8c6 e-flex e-con-boxed e-con e-parent\" data-id=\"4bab8c6\" data-element_type=\"container\">\n\t\t\t\t\t<div class=\"e-con-inner\">\n\t\t<div class=\"elementor-element elementor-element-3069704 e-flex e-con-boxed e-con e-child\" data-id=\"3069704\" data-element_type=\"container\">\n\t\t\t\t\t<div class=\"e-con-inner\">\n\t\t\t\t<div class=\"elementor-element elementor-element-922b784 elementor-widget elementor-widget-heading\" data-id=\"922b784\" data-element_type=\"widget\" data-widget_type=\"heading.default\">\n\t\t\t\t<div class=\"elementor-widget-container\">\n\t\t\t\t\t<h2 class=\"elementor-heading-title elementor-size-default\">Vision<\/h2>\t\t\t\t<\/div>\n\t\t\t\t<\/div>\n\t\t\t\t<div class=\"elementor-element elementor-element-aa9bae1 elementor-widget elementor-widget-text-editor\" data-id=\"aa9bae1\" data-element_type=\"widget\" data-widget_type=\"text-editor.default\">\n\t\t\t\t<div class=\"elementor-widget-container\">\n\t\t\t\t\t\t\t\t\t<p>Our vision is to be a leading company in freight transportation and comprehensive logistics. We aim at being highly competitive and to stand out in the level of our services, while simultaneously keeping the satisfaction and trust of our customers as essential pillars. We strive to position ourselves as leaders, assisted by modern technology, in an excellent organizational environment, with a solid financial backing.<\/p>\t\t\t\t\t\t\t\t<\/div>\n\t\t\t\t<\/div>\n\t\t\t\t\t<\/div>\n\t\t\t\t<\/div>\n\t\t<div class=\"elementor-element elementor-element-009b3a1 e-flex e-con-boxed e-con e-child\" data-id=\"009b3a1\" data-element_type=\"container\">\n\t\t\t\t\t<div class=\"e-con-inner\">\n\t\t\t\t<div class=\"elementor-element elementor-element-49b573d elementor-widget elementor-widget-heading\" data-id=\"49b573d\" data-element_type=\"widget\" data-widget_type=\"heading.default\">\n\t\t\t\t<div class=\"elementor-widget-container\">\n\t\t\t\t\t<h2 class=\"elementor-heading-title elementor-size-default\">Mission<\/h2>\t\t\t\t<\/div>\n\t\t\t\t<\/div>\n\t\t\t\t<div class=\"elementor-element elementor-element-c6945b1 elementor-widget elementor-widget-text-editor\" data-id=\"c6945b1\" data-element_type=\"widget\" data-widget_type=\"text-editor.default\">\n\t\t\t\t<div class=\"elementor-widget-container\">\n\t\t\t\t\t\t\t\t\t<p>Our mission is to exceed what you expect from a cargo service. To provide international transportation and logistics at the highest level of quality in the market. We thrive in being the best alternative in comprehensive international trade logistics, based on our efficiency and competitiveness at solving your needs, in the distribution and management of transportation of cargo.<\/p>\t\t\t\t\t\t\t\t<\/div>\n\t\t\t\t<\/div>\n\t\t\t\t\t<\/div>\n\t\t\t\t<\/div>\n\t\t<div class=\"elementor-element elementor-element-57de349 e-flex e-con-boxed e-con e-child\" data-id=\"57de349\" data-element_type=\"container\">\n\t\t\t\t\t<div class=\"e-con-inner\">\n\t\t\t\t<div class=\"elementor-element elementor-element-41020b9 elementor-widget elementor-widget-heading\" data-id=\"41020b9\" data-element_type=\"widget\" data-widget_type=\"heading.default\">\n\t\t\t\t<div class=\"elementor-widget-container\">\n\t\t\t\t\t<h2 class=\"elementor-heading-title elementor-size-default\">Service and Quality\n<\/h2>\t\t\t\t<\/div>\n\t\t\t\t<\/div>\n\t\t\t\t<div class=\"elementor-element elementor-element-bfff315 elementor-widget elementor-widget-text-editor\" data-id=\"bfff315\" data-element_type=\"widget\" data-widget_type=\"text-editor.default\">\n\t\t\t\t<div class=\"elementor-widget-container\">\n\t\t\t\t\t\t\t\t\t<p>Our Team is our foundation. It is dynamic and fully committed to your needs. They are permanently selecting the provider that best suits each transaction. They generate long-term interpersonal relationships with our customers, which allow us to become their business partners. \nWe constantly seek to optimize our company's profitability, as well as to perfect our management procedures in order to achieve the quality, safety and compliance standards demanded by the market.<\/p>\t\t\t\t\t\t\t\t<\/div>\n\t\t\t\t<\/div>\n\t\t\t\t\t<\/div>\n\t\t\t\t<\/div>\n\t\t\t\t\t<\/div>\n\t\t\t\t<\/div>\n\t\t\t\t<\/div>","protected":false},"excerpt":{"rendered":"<p>Almar Uruguay S.A. forma parte de una red mundial de agentes de carga, con amplia experiencia en la movilizaci\u00f3n de transportes mar\u00edtimos, a\u00e9reos y terrestres. Desde nuestra fundaci\u00f3n en 1999, hemos desarrollado una estrategia definida y globalizada. \u00abDesde 1999 mirando hacia delante, iluminando el camino al costado de nuestra historia.\u00bb Los cambios y evoluciones del &#8230; <a title=\"Sobre Nosotros\" class=\"read-more\" href=\"https:\/\/almaruruguay.com\/en_en\/sobre-nosotros\/\" aria-label=\"Read more about Sobre Nosotros\">Read more<\/a><\/p>","protected":false},"author":3,"featured_media":0,"parent":0,"menu_order":0,"comment_status":"closed","ping_status":"closed","template":"","meta":{"inline_featured_image":false,"footnotes":""},"class_list":["post-63","page","type-page","status-publish"],"_links":{"self":[{"href":"https:\/\/almaruruguay.com\/en_en\/wp-json\/wp\/v2\/pages\/63","targetHints":{"allow":["GET"]}}],"collection":[{"href":"https:\/\/almaruruguay.com\/en_en\/wp-json\/wp\/v2\/pages"}],"about":[{"href":"https:\/\/almaruruguay.com\/en_en\/wp-json\/wp\/v2\/types\/page"}],"author":[{"embeddable":true,"href":"https:\/\/almaruruguay.com\/en_en\/wp-json\/wp\/v2\/users\/3"}],"replies":[{"embeddable":true,"href":"https:\/\/almaruruguay.com\/en_en\/wp-json\/wp\/v2\/comments?post=63"}],"version-history":[{"count":23,"href":"https:\/\/almaruruguay.com\/en_en\/wp-json\/wp\/v2\/pages\/63\/revisions"}],"predecessor-version":[{"id":1314,"href":"https:\/\/almaruruguay.com\/en_en\/wp-json\/wp\/v2\/pages\/63\/revisions\/1314"}],"wp:attachment":[{"href":"https:\/\/almaruruguay.com\/en_en\/wp-json\/wp\/v2\/media?parent=63"}],"curies":[{"name":"wp","href":"https:\/\/api.w.org\/{rel}","templated":true}]}}