{"id":909,"date":"2024-04-23T12:16:00","date_gmt":"2024-04-23T12:16:00","guid":{"rendered":"https:\/\/almaruruguay.com\/?page_id=909"},"modified":"2024-05-03T12:57:01","modified_gmt":"2024-05-03T12:57:01","slug":"isotanques","status":"publish","type":"page","link":"https:\/\/almaruruguay.com\/en_en\/isotanques\/","title":{"rendered":"Isotanks"},"content":{"rendered":"<div data-elementor-type=\"wp-page\" data-elementor-id=\"909\" class=\"elementor elementor-909\" data-elementor-post-type=\"page\">\n\t\t\t\t<div class=\"elementor-element elementor-element-6ea941b e-con-full e-flex e-con e-parent\" data-id=\"6ea941b\" data-element_type=\"container\" data-settings=\"{&quot;background_background&quot;:&quot;classic&quot;}\">\n\t\t\t\t<div class=\"elementor-element elementor-element-cb5aaf5 elementor-widget elementor-widget-heading\" data-id=\"cb5aaf5\" data-element_type=\"widget\" data-widget_type=\"heading.default\">\n\t\t\t\t<div class=\"elementor-widget-container\">\n\t\t\t\t\t<h2 class=\"elementor-heading-title elementor-size-default\">Isotanks<\/h2>\t\t\t\t<\/div>\n\t\t\t\t<\/div>\n\t\t\t\t<\/div>\n\t\t<div class=\"elementor-element elementor-element-ff94c63 e-flex e-con-boxed e-con e-parent\" data-id=\"ff94c63\" data-element_type=\"container\">\n\t\t\t\t\t<div class=\"e-con-inner\">\n\t\t<div class=\"elementor-element elementor-element-7dd8c55 e-con-full e-flex e-con e-child\" data-id=\"7dd8c55\" data-element_type=\"container\">\n\t\t\t\t<div class=\"elementor-element elementor-element-0879d53 elementor-widget__width-initial elementor-widget elementor-widget-image\" data-id=\"0879d53\" data-element_type=\"widget\" data-widget_type=\"image.default\">\n\t\t\t\t<div class=\"elementor-widget-container\">\n\t\t\t\t\t\t\t\t\t\t\t\t\t\t\t<img decoding=\"async\" src=\"https:\/\/almaruruguay.com\/wp-content\/uploads\/2024\/04\/newport.svg\" title=\"newport\" alt=\"newport\" loading=\"lazy\" \/>\t\t\t\t\t\t\t\t\t\t\t\t\t\t\t<\/div>\n\t\t\t\t<\/div>\n\t\t\t\t<div class=\"elementor-element elementor-element-58dbbfb elementor-widget elementor-widget-heading\" data-id=\"58dbbfb\" data-element_type=\"widget\" data-widget_type=\"heading.default\">\n\t\t\t\t<div class=\"elementor-widget-container\">\n\t\t\t\t\t<h2 class=\"elementor-heading-title elementor-size-default\">Agents in Uruguay<\/h2>\t\t\t\t<\/div>\n\t\t\t\t<\/div>\n\t\t\t\t<div class=\"elementor-element elementor-element-12e28c6 elementor-widget elementor-widget-text-editor\" data-id=\"12e28c6\" data-element_type=\"widget\" data-widget_type=\"text-editor.default\">\n\t\t\t\t<div class=\"elementor-widget-container\">\n\t\t\t\t\t\t\t\t\t<p>Almar Uruguay S.A. is an agent in Uruguay for Newport Tank, one of the largest suppliers of isotanks in the world.<\/p><p>Thanks to isotanks, we are able to offer bulk liquid cargo solutions such as:<\/p>\t\t\t\t\t\t\t\t<\/div>\n\t\t\t\t<\/div>\n\t\t\t\t<div class=\"elementor-element elementor-element-4bc36e0 elementor-widget elementor-widget-text-editor\" data-id=\"4bc36e0\" data-element_type=\"widget\" data-widget_type=\"text-editor.default\">\n\t\t\t\t<div class=\"elementor-widget-container\">\n\t\t\t\t\t\t\t\t\t<ul>\n \t<li>Tallow - Alcohols - Oils - Molasses - Liquefied gas.<\/li>\n \t<li>Agrochemicals - IMO Cargo - Fuels.<\/li>\n<\/ul>\t\t\t\t\t\t\t\t<\/div>\n\t\t\t\t<\/div>\n\t\t\t\t<div class=\"elementor-element elementor-element-125bb5a elementor-widget elementor-widget-text-editor\" data-id=\"125bb5a\" data-element_type=\"widget\" data-widget_type=\"text-editor.default\">\n\t\t\t\t<div class=\"elementor-widget-container\">\n\t\t\t\t\t\t\t\t\t<div class=\"col-md-6\"><p>We have equipment suitable for both food cargo and chemical cargo.<\/p><\/div>\t\t\t\t\t\t\t\t<\/div>\n\t\t\t\t<\/div>\n\t\t\t\t<\/div>\n\t\t<div class=\"elementor-element elementor-element-30857ee e-con-full e-flex e-con e-child\" data-id=\"30857ee\" data-element_type=\"container\">\n\t\t\t\t<div class=\"elementor-element elementor-element-1945b7e elementor-widget elementor-widget-video\" data-id=\"1945b7e\" data-element_type=\"widget\" data-settings=\"{&quot;youtube_url&quot;:&quot;https:\\\/\\\/www.youtube.com\\\/watch?v=xBv46EOggZg&quot;,&quot;video_type&quot;:&quot;youtube&quot;,&quot;controls&quot;:&quot;yes&quot;}\" data-widget_type=\"video.default\">\n\t\t\t\t<div class=\"elementor-widget-container\">\n\t\t\t\t\t\t\t<div class=\"elementor-wrapper elementor-open-inline\">\n\t\t\t<div class=\"elementor-video\"><\/div>\t\t<\/div>\n\t\t\t\t\t\t<\/div>\n\t\t\t\t<\/div>\n\t\t\t\t<\/div>\n\t\t\t\t\t<\/div>\n\t\t\t\t<\/div>\n\t\t\t\t<\/div>","protected":false},"excerpt":{"rendered":"<p>Isotanques Agentes en Uruguay Almar Uruguay S.A. es agente en Uruguay de Newport Tank, uno de los mayores proveedores de Isotanques del mundo. A trav\u00e9s del isotanque, ofrecemos soluciones a la carga l\u00edquida a granel como: Sebo &#8211; Alcoholes &#8211; Aceites &#8211; Melaza &#8211; Gas l\u00edcuado Agroqu\u00edmicos &#8211; Carga IMO &#8211; Combustibles Tenemos equipos aptos &#8230; <a title=\"Isotanks\" class=\"read-more\" href=\"https:\/\/almaruruguay.com\/en_en\/isotanques\/\" aria-label=\"Read more about Isotanques\">Read more<\/a><\/p>","protected":false},"author":4,"featured_media":0,"parent":0,"menu_order":0,"comment_status":"closed","ping_status":"closed","template":"","meta":{"inline_featured_image":false,"footnotes":""},"class_list":["post-909","page","type-page","status-publish"],"_links":{"self":[{"href":"https:\/\/almaruruguay.com\/en_en\/wp-json\/wp\/v2\/pages\/909","targetHints":{"allow":["GET"]}}],"collection":[{"href":"https:\/\/almaruruguay.com\/en_en\/wp-json\/wp\/v2\/pages"}],"about":[{"href":"https:\/\/almaruruguay.com\/en_en\/wp-json\/wp\/v2\/types\/page"}],"author":[{"embeddable":true,"href":"https:\/\/almaruruguay.com\/en_en\/wp-json\/wp\/v2\/users\/4"}],"replies":[{"embeddable":true,"href":"https:\/\/almaruruguay.com\/en_en\/wp-json\/wp\/v2\/comments?post=909"}],"version-history":[{"count":20,"href":"https:\/\/almaruruguay.com\/en_en\/wp-json\/wp\/v2\/pages\/909\/revisions"}],"predecessor-version":[{"id":1069,"href":"https:\/\/almaruruguay.com\/en_en\/wp-json\/wp\/v2\/pages\/909\/revisions\/1069"}],"wp:attachment":[{"href":"https:\/\/almaruruguay.com\/en_en\/wp-json\/wp\/v2\/media?parent=909"}],"curies":[{"name":"wp","href":"https:\/\/api.w.org\/{rel}","templated":true}]}}