{"id":116,"date":"2018-09-06T20:53:29","date_gmt":"2018-09-06T20:53:29","guid":{"rendered":"https:\/\/almaruruguay.com\/?page_id=116"},"modified":"2024-05-03T12:57:17","modified_gmt":"2024-05-03T12:57:17","slug":"logistica","status":"publish","type":"page","link":"https:\/\/almaruruguay.com\/es_es\/logistica\/","title":{"rendered":"Log\u00edstica"},"content":{"rendered":"\t\t<div data-elementor-type=\"wp-page\" data-elementor-id=\"116\" class=\"elementor elementor-116\" data-elementor-post-type=\"page\">\n\t\t\t\t<div class=\"elementor-element elementor-element-81defd5 e-con-full e-flex e-con e-parent\" data-id=\"81defd5\" data-element_type=\"container\" data-settings=\"{&quot;background_background&quot;:&quot;classic&quot;}\">\n\t\t\t\t<div class=\"elementor-element elementor-element-5139d24 elementor-widget elementor-widget-heading\" data-id=\"5139d24\" data-element_type=\"widget\" data-widget_type=\"heading.default\">\n\t\t\t\t<div class=\"elementor-widget-container\">\n\t\t\t\t\t<h2 class=\"elementor-heading-title elementor-size-default\">Servicios log\u00edsticos<\/h2>\t\t\t\t<\/div>\n\t\t\t\t<\/div>\n\t\t\t\t<\/div>\n\t\t<div class=\"elementor-element elementor-element-25f3eee e-flex e-con-boxed e-con e-parent\" data-id=\"25f3eee\" data-element_type=\"container\">\n\t\t\t\t\t<div class=\"e-con-inner\">\n\t\t<div class=\"elementor-element elementor-element-3063bf0 e-flex e-con-boxed e-con e-child\" data-id=\"3063bf0\" data-element_type=\"container\">\n\t\t\t\t\t<div class=\"e-con-inner\">\n\t\t\t\t<div class=\"elementor-element elementor-element-4ce7f4b elementor-widget elementor-widget-heading\" data-id=\"4ce7f4b\" data-element_type=\"widget\" data-widget_type=\"heading.default\">\n\t\t\t\t<div class=\"elementor-widget-container\">\n\t\t\t\t\t<h2 class=\"elementor-heading-title elementor-size-default\">Seguros<\/h2>\t\t\t\t<\/div>\n\t\t\t\t<\/div>\n\t\t\t\t<div class=\"elementor-element elementor-element-fdf8490 elementor-widget elementor-widget-text-editor\" data-id=\"fdf8490\" data-element_type=\"widget\" data-widget_type=\"text-editor.default\">\n\t\t\t\t<div class=\"elementor-widget-container\">\n\t\t\t\t\t\t\t\t\t<p>Seguro sobre mercader\u00eda en transporte internacional. Le ofrecemos un servicio integral a trav\u00e9s de una compa\u00f1\u00eda de seguros internacional que cubre todos los riesgos del Servicio Combinado de Transporte.<\/p>\t\t\t\t\t\t\t\t<\/div>\n\t\t\t\t<\/div>\n\t\t\t\t\t<\/div>\n\t\t\t\t<\/div>\n\t\t<div class=\"elementor-element elementor-element-19c86fd e-flex e-con-boxed e-con e-child\" data-id=\"19c86fd\" data-element_type=\"container\">\n\t\t\t\t\t<div class=\"e-con-inner\">\n\t\t\t\t<div class=\"elementor-element elementor-element-8673e72 elementor-widget elementor-widget-heading\" data-id=\"8673e72\" data-element_type=\"widget\" data-widget_type=\"heading.default\">\n\t\t\t\t<div class=\"elementor-widget-container\">\n\t\t\t\t\t<h2 class=\"elementor-heading-title elementor-size-default\">Dep\u00f3sito en Puerto Libre<\/h2>\t\t\t\t<\/div>\n\t\t\t\t<\/div>\n\t\t\t\t<div class=\"elementor-element elementor-element-1fc6250 elementor-widget elementor-widget-text-editor\" data-id=\"1fc6250\" data-element_type=\"widget\" data-widget_type=\"text-editor.default\">\n\t\t\t\t<div class=\"elementor-widget-container\">\n\t\t\t\t\t\t\t\t\t<p>Almar Uruguay S.A., por su condici\u00f3n de agente IATA, le garantiza personal capacitado, calidad y seriedad en la contrataci\u00f3n de cargas a\u00e9reas. Su servicio de atenci\u00f3n operativa en el aeropuerto de Montevideo recibe la mercader\u00eda del embarcador e inicia el proceso de embarque a\u00e9reo, controlando, verificando y despachando la carga tanto de exportaci\u00f3n como de importaci\u00f3n.<\/p>\t\t\t\t\t\t\t\t<\/div>\n\t\t\t\t<\/div>\n\t\t\t\t<div class=\"elementor-element elementor-element-2a49837 elementor-widget elementor-widget-text-editor\" data-id=\"2a49837\" data-element_type=\"widget\" data-widget_type=\"text-editor.default\">\n\t\t\t\t<div class=\"elementor-widget-container\">\n\t\t\t\t\t\t\t\t\t<ul>\n \t<li>3.800 m2 de dep\u00f3sito cerrado.<\/li>\n \t<li>11.000 m2 de \u00e1rea abierta.<\/li>\n \t<li>150 m3 para especialidades farmac\u00e9uticas.<\/li>\n \t<li>Contenedores reefer para almacenaje de mercader\u00edas que requieren fr\u00edo.<\/li>\n \t<li>Enchufes reefer.<\/li>\n \t<li>Habilitaci\u00f3n como playa para contenedores IMO.<\/li>\n \t<li>Gr\u00faa Stacker capacidad 49 toneladas.<\/li>\n<li>Elevadores capacidad 2,5 toneladas.<\/li>\n<\/ul>\t\t\t\t\t\t\t\t<\/div>\n\t\t\t\t<\/div>\n\t\t\t\t\t<\/div>\n\t\t\t\t<\/div>\n\t\t\t\t\t<\/div>\n\t\t\t\t<\/div>\n\t\t<div class=\"elementor-element elementor-element-205516f e-flex e-con-boxed e-con e-parent\" data-id=\"205516f\" data-element_type=\"container\">\n\t\t\t\t\t<div class=\"e-con-inner\">\n\t\t<div class=\"elementor-element elementor-element-7599144 e-flex e-con-boxed e-con e-child\" data-id=\"7599144\" data-element_type=\"container\">\n\t\t\t\t\t<div class=\"e-con-inner\">\n\t\t\t\t<div class=\"elementor-element elementor-element-df7db11 elementor-widget elementor-widget-heading\" data-id=\"df7db11\" data-element_type=\"widget\" data-widget_type=\"heading.default\">\n\t\t\t\t<div class=\"elementor-widget-container\">\n\t\t\t\t\t<h2 class=\"elementor-heading-title elementor-size-default\">Despachos Aduaneros<\/h2>\t\t\t\t<\/div>\n\t\t\t\t<\/div>\n\t\t\t\t<div class=\"elementor-element elementor-element-c0f566d elementor-widget elementor-widget-text-editor\" data-id=\"c0f566d\" data-element_type=\"widget\" data-widget_type=\"text-editor.default\">\n\t\t\t\t<div class=\"elementor-widget-container\">\n\t\t\t\t\t\t\t\t\t<p>Nuestro calificado equipo de despachantes de aduana cuenta con representantes en las principales aduanas del pa\u00eds que se encargan de realizar los tr\u00e1mites necesarios para que sus cargas est\u00e9n en regla con las leyes y disposiciones requeridas.<\/p>\t\t\t\t\t\t\t\t<\/div>\n\t\t\t\t<\/div>\n\t\t\t\t\t<\/div>\n\t\t\t\t<\/div>\n\t\t<div class=\"elementor-element elementor-element-6853715 e-flex e-con-boxed e-con e-child\" data-id=\"6853715\" data-element_type=\"container\">\n\t\t\t\t\t<div class=\"e-con-inner\">\n\t\t\t\t<div class=\"elementor-element elementor-element-54c1867 elementor-widget elementor-widget-heading\" data-id=\"54c1867\" data-element_type=\"widget\" data-widget_type=\"heading.default\">\n\t\t\t\t<div class=\"elementor-widget-container\">\n\t\t\t\t\t<h2 class=\"elementor-heading-title elementor-size-default\">Transporte Terrestre Nacional\n<\/h2>\t\t\t\t<\/div>\n\t\t\t\t<\/div>\n\t\t\t\t<div class=\"elementor-element elementor-element-17a4305 elementor-widget elementor-widget-text-editor\" data-id=\"17a4305\" data-element_type=\"widget\" data-widget_type=\"text-editor.default\">\n\t\t\t\t<div class=\"elementor-widget-container\">\n\t\t\t\t\t\t\t\t\t<p>Brindamos un servicio Puerta a Puerta, llevamos su carga a donde usted lo necesite. Contamos con una red mundial de agentes que mueven su carga desde su dep\u00f3sito en origen hasta el dep\u00f3sito del recibidor.<\/p>\t\t\t\t\t\t\t\t<\/div>\n\t\t\t\t<\/div>\n\t\t\t\t\t<\/div>\n\t\t\t\t<\/div>\n\t\t\t\t\t<\/div>\n\t\t\t\t<\/div>\n\t\t\t\t<\/div>\n\t\t","protected":false},"excerpt":{"rendered":"<p>Servicios log\u00edsticos Seguros Seguro sobre mercader\u00eda en transporte internacional. Le ofrecemos un servicio integral a trav\u00e9s de una compa\u00f1\u00eda de seguros internacional que cubre todos los riesgos del Servicio Combinado de Transporte. Dep\u00f3sito en Puerto Libre Almar Uruguay S.A., por su condici\u00f3n de agente IATA, le garantiza personal capacitado, calidad y seriedad en la contrataci\u00f3n &#8230; <a title=\"Log\u00edstica\" class=\"read-more\" href=\"https:\/\/almaruruguay.com\/es_es\/logistica\/\" aria-label=\"Leer m\u00e1s sobre Log\u00edstica\">Leer m\u00e1s<\/a><\/p>\n","protected":false},"author":3,"featured_media":0,"parent":0,"menu_order":0,"comment_status":"closed","ping_status":"closed","template":"","meta":{"inline_featured_image":false,"footnotes":""},"class_list":["post-116","page","type-page","status-publish"],"_links":{"self":[{"href":"https:\/\/almaruruguay.com\/es_es\/wp-json\/wp\/v2\/pages\/116","targetHints":{"allow":["GET"]}}],"collection":[{"href":"https:\/\/almaruruguay.com\/es_es\/wp-json\/wp\/v2\/pages"}],"about":[{"href":"https:\/\/almaruruguay.com\/es_es\/wp-json\/wp\/v2\/types\/page"}],"author":[{"embeddable":true,"href":"https:\/\/almaruruguay.com\/es_es\/wp-json\/wp\/v2\/users\/3"}],"replies":[{"embeddable":true,"href":"https:\/\/almaruruguay.com\/es_es\/wp-json\/wp\/v2\/comments?post=116"}],"version-history":[{"count":20,"href":"https:\/\/almaruruguay.com\/es_es\/wp-json\/wp\/v2\/pages\/116\/revisions"}],"predecessor-version":[{"id":1072,"href":"https:\/\/almaruruguay.com\/es_es\/wp-json\/wp\/v2\/pages\/116\/revisions\/1072"}],"wp:attachment":[{"href":"https:\/\/almaruruguay.com\/es_es\/wp-json\/wp\/v2\/media?parent=116"}],"curies":[{"name":"wp","href":"https:\/\/api.w.org\/{rel}","templated":true}]}}