{"id":121,"date":"2018-09-06T23:34:25","date_gmt":"2018-09-06T23:34:25","guid":{"rendered":"https:\/\/almaruruguay.com\/?page_id=121"},"modified":"2024-05-03T12:56:31","modified_gmt":"2024-05-03T12:56:31","slug":"almacenamiento","status":"publish","type":"page","link":"https:\/\/almaruruguay.com\/es_es\/almacenamiento\/","title":{"rendered":"Almacenamiento"},"content":{"rendered":"\t\t<div data-elementor-type=\"wp-page\" data-elementor-id=\"121\" class=\"elementor elementor-121\" data-elementor-post-type=\"page\">\n\t\t\t\t<div class=\"elementor-element elementor-element-6ea941b e-con-full e-flex e-con e-parent\" data-id=\"6ea941b\" data-element_type=\"container\" data-settings=\"{&quot;background_background&quot;:&quot;classic&quot;}\">\n\t\t\t\t<div class=\"elementor-element elementor-element-cb5aaf5 elementor-widget elementor-widget-heading\" data-id=\"cb5aaf5\" data-element_type=\"widget\" data-widget_type=\"heading.default\">\n\t\t\t\t<div class=\"elementor-widget-container\">\n\t\t\t\t\t<h2 class=\"elementor-heading-title elementor-size-default\">Almacenamiento en Puerto Libre<\/h2>\t\t\t\t<\/div>\n\t\t\t\t<\/div>\n\t\t\t\t<\/div>\n\t\t<div class=\"elementor-element elementor-element-ff94c63 e-flex e-con-boxed e-con e-parent\" data-id=\"ff94c63\" data-element_type=\"container\">\n\t\t\t\t\t<div class=\"e-con-inner\">\n\t\t<div class=\"elementor-element elementor-element-7dd8c55 e-flex e-con-boxed e-con e-child\" data-id=\"7dd8c55\" data-element_type=\"container\">\n\t\t\t\t\t<div class=\"e-con-inner\">\n\t\t\t\t<div class=\"elementor-element elementor-element-58dbbfb elementor-widget elementor-widget-heading\" data-id=\"58dbbfb\" data-element_type=\"widget\" data-widget_type=\"heading.default\">\n\t\t\t\t<div class=\"elementor-widget-container\">\n\t\t\t\t\t<h2 class=\"elementor-heading-title elementor-size-default\">Almacenamiento de Mercader\u00edas<\/h2>\t\t\t\t<\/div>\n\t\t\t\t<\/div>\n\t\t\t\t<div class=\"elementor-element elementor-element-12e28c6 elementor-widget elementor-widget-text-editor\" data-id=\"12e28c6\" data-element_type=\"widget\" data-widget_type=\"text-editor.default\">\n\t\t\t\t<div class=\"elementor-widget-container\">\n\t\t\t\t\t\t\t\t\t<p>Almar Uruguay S.A. cuenta con un dep\u00f3sito propio en el puerto de Montevideo bajo el r\u00e9gimen de puerto libre donde le ofrecemos entre otros servicios:<\/p>\t\t\t\t\t\t\t\t<\/div>\n\t\t\t\t<\/div>\n\t\t\t\t<div class=\"elementor-element elementor-element-4bc36e0 elementor-widget elementor-widget-text-editor\" data-id=\"4bc36e0\" data-element_type=\"widget\" data-widget_type=\"text-editor.default\">\n\t\t\t\t<div class=\"elementor-widget-container\">\n\t\t\t\t\t\t\t\t\t<ul>\n \t<li>Almacenamiento de mercader\u00edas.<\/li>\n \t<li>Consolidaci\u00f3n y desconsolidaci\u00f3n.<\/li>\n \t<li>Gesti\u00f3n de stock para los clientes.<\/li>\n \t<li>Control de calidad.<\/li>\n \t<li>Distribuci\u00f3n puerta a puerta planificada por el cliente.<\/li>\n<\/ul>\t\t\t\t\t\t\t\t<\/div>\n\t\t\t\t<\/div>\n\t\t\t\t\t<\/div>\n\t\t\t\t<\/div>\n\t\t\t\t\t<\/div>\n\t\t\t\t<\/div>\n\t\t\t\t<\/div>\n\t\t","protected":false},"excerpt":{"rendered":"<p>Almacenamiento en Puerto Libre Almacenamiento de Mercader\u00edas Almar Uruguay S.A. cuenta con un dep\u00f3sito propio en el puerto de Montevideo bajo el r\u00e9gimen de puerto libre donde le ofrecemos entre otros servicios: Almacenamiento de mercader\u00edas. Consolidaci\u00f3n y desconsolidaci\u00f3n. Gesti\u00f3n de stock para los clientes. Control de calidad. Distribuci\u00f3n puerta a puerta planificada por el cliente.<\/p>\n","protected":false},"author":3,"featured_media":0,"parent":0,"menu_order":0,"comment_status":"closed","ping_status":"closed","template":"","meta":{"inline_featured_image":false,"footnotes":""},"class_list":["post-121","page","type-page","status-publish"],"_links":{"self":[{"href":"https:\/\/almaruruguay.com\/es_es\/wp-json\/wp\/v2\/pages\/121","targetHints":{"allow":["GET"]}}],"collection":[{"href":"https:\/\/almaruruguay.com\/es_es\/wp-json\/wp\/v2\/pages"}],"about":[{"href":"https:\/\/almaruruguay.com\/es_es\/wp-json\/wp\/v2\/types\/page"}],"author":[{"embeddable":true,"href":"https:\/\/almaruruguay.com\/es_es\/wp-json\/wp\/v2\/users\/3"}],"replies":[{"embeddable":true,"href":"https:\/\/almaruruguay.com\/es_es\/wp-json\/wp\/v2\/comments?post=121"}],"version-history":[{"count":20,"href":"https:\/\/almaruruguay.com\/es_es\/wp-json\/wp\/v2\/pages\/121\/revisions"}],"predecessor-version":[{"id":1066,"href":"https:\/\/almaruruguay.com\/es_es\/wp-json\/wp\/v2\/pages\/121\/revisions\/1066"}],"wp:attachment":[{"href":"https:\/\/almaruruguay.com\/es_es\/wp-json\/wp\/v2\/media?parent=121"}],"curies":[{"name":"wp","href":"https:\/\/api.w.org\/{rel}","templated":true}]}}