{"id":63,"date":"2018-09-03T20:32:32","date_gmt":"2018-09-03T20:32:32","guid":{"rendered":"https:\/\/almaruruguay.com\/?page_id=63"},"modified":"2026-03-11T12:08:22","modified_gmt":"2026-03-11T12:08:22","slug":"sobre-nosotros","status":"publish","type":"page","link":"https:\/\/almaruruguay.com\/es_es\/sobre-nosotros\/","title":{"rendered":"Sobre Nosotros"},"content":{"rendered":"\t\t<div data-elementor-type=\"wp-page\" data-elementor-id=\"63\" class=\"elementor elementor-63\" data-elementor-post-type=\"page\">\n\t\t\t\t<div class=\"elementor-element elementor-element-9eaf831 e-flex e-con-boxed e-con e-parent\" data-id=\"9eaf831\" data-element_type=\"container\">\n\t\t\t\t\t<div class=\"e-con-inner\">\n\t\t<div class=\"elementor-element elementor-element-cfac5c9 e-con-full e-flex e-con e-child\" data-id=\"cfac5c9\" data-element_type=\"container\">\n\t\t\t\t<div class=\"elementor-element elementor-element-af52c68 elementor-widget elementor-widget-text-editor\" data-id=\"af52c68\" data-element_type=\"widget\" data-widget_type=\"text-editor.default\">\n\t\t\t\t<div class=\"elementor-widget-container\">\n\t\t\t\t\t\t\t\t\t<p>Almar Uruguay S.A. forma parte de una red mundial de agentes de carga, con amplia experiencia en la movilizaci\u00f3n de transportes mar\u00edtimos, a\u00e9reos y terrestres. Desde nuestra fundaci\u00f3n en 1999, hemos desarrollado una estrategia definida y globalizada.<\/p>\t\t\t\t\t\t\t\t<\/div>\n\t\t\t\t<\/div>\n\t\t\t\t<div class=\"elementor-element elementor-element-a3982c5 elementor-widget elementor-widget-image\" data-id=\"a3982c5\" data-element_type=\"widget\" data-widget_type=\"image.default\">\n\t\t\t\t<div class=\"elementor-widget-container\">\n\t\t\t\t\t\t\t\t\t\t\t\t\t\t\t<img fetchpriority=\"high\" decoding=\"async\" width=\"551\" height=\"166\" src=\"https:\/\/almaruruguay.com\/wp-content\/uploads\/2018\/09\/camino.png\" class=\"attachment-full size-full wp-image-170\" alt=\"\" srcset=\"https:\/\/almaruruguay.com\/wp-content\/uploads\/2018\/09\/camino.png 551w, https:\/\/almaruruguay.com\/wp-content\/uploads\/2018\/09\/camino-300x90.png 300w, https:\/\/almaruruguay.com\/wp-content\/uploads\/2018\/09\/camino-200x60.png 200w, https:\/\/almaruruguay.com\/wp-content\/uploads\/2018\/09\/camino-400x121.png 400w\" sizes=\"(max-width: 551px) 100vw, 551px\" \/>\t\t\t\t\t\t\t\t\t\t\t\t\t\t\t<\/div>\n\t\t\t\t<\/div>\n\t\t\t\t<div class=\"elementor-element elementor-element-ef47baa elementor-widget__width-initial elementor-widget elementor-widget-heading\" data-id=\"ef47baa\" data-element_type=\"widget\" data-widget_type=\"heading.default\">\n\t\t\t\t<div class=\"elementor-widget-container\">\n\t\t\t\t\t<h2 class=\"elementor-heading-title elementor-size-default\">\"Desde 1999 mirando hacia delante, iluminando el camino al costado de nuestra historia.\"<\/h2>\t\t\t\t<\/div>\n\t\t\t\t<\/div>\n\t\t\t\t<div class=\"elementor-element elementor-element-1b1c065 elementor-widget elementor-widget-text-editor\" data-id=\"1b1c065\" data-element_type=\"widget\" data-widget_type=\"text-editor.default\">\n\t\t\t\t<div class=\"elementor-widget-container\">\n\t\t\t\t\t\t\t\t\t<p>Los cambios y evoluciones del mercado nos han demostrado cu\u00e1n importantes son las flexibilidad y la capacidad de adaptaci\u00f3n en una compa\u00f1\u00eda. Sobre todo, hemos trabajado para estar a la vanguardia, para brindar tecnolog\u00eda innovadora y lograr ventajas competitivas que nos diferencien por nuestra calidad en el servicio.<\/p>\t\t\t\t\t\t\t\t<\/div>\n\t\t\t\t<\/div>\n\t\t\t\t<\/div>\n\t\t\t\t\t<\/div>\n\t\t\t\t<\/div>\n\t\t<div class=\"elementor-element elementor-element-4bab8c6 e-flex e-con-boxed e-con e-parent\" data-id=\"4bab8c6\" data-element_type=\"container\">\n\t\t\t\t\t<div class=\"e-con-inner\">\n\t\t<div class=\"elementor-element elementor-element-3069704 e-flex e-con-boxed e-con e-child\" data-id=\"3069704\" data-element_type=\"container\">\n\t\t\t\t\t<div class=\"e-con-inner\">\n\t\t\t\t<div class=\"elementor-element elementor-element-922b784 elementor-widget elementor-widget-heading\" data-id=\"922b784\" data-element_type=\"widget\" data-widget_type=\"heading.default\">\n\t\t\t\t<div class=\"elementor-widget-container\">\n\t\t\t\t\t<h2 class=\"elementor-heading-title elementor-size-default\">Visi\u00f3n<\/h2>\t\t\t\t<\/div>\n\t\t\t\t<\/div>\n\t\t\t\t<div class=\"elementor-element elementor-element-aa9bae1 elementor-widget elementor-widget-text-editor\" data-id=\"aa9bae1\" data-element_type=\"widget\" data-widget_type=\"text-editor.default\">\n\t\t\t\t<div class=\"elementor-widget-container\">\n\t\t\t\t\t\t\t\t\t<p>Ser una empresa l\u00edder en transporte de mercanc\u00edas y log\u00edstica integral de alto nivel competitivo y diferenciado, con la satisfacci\u00f3n y la confianza de nuestros clientes como pilar fundamental. Posicionarnos como l\u00edderes, asistidos por una moderna tecnolog\u00eda, en un excelente ambiente organizacional y con un s\u00f3lido respaldo financiero.<\/p>\t\t\t\t\t\t\t\t<\/div>\n\t\t\t\t<\/div>\n\t\t\t\t\t<\/div>\n\t\t\t\t<\/div>\n\t\t<div class=\"elementor-element elementor-element-009b3a1 e-flex e-con-boxed e-con e-child\" data-id=\"009b3a1\" data-element_type=\"container\">\n\t\t\t\t\t<div class=\"e-con-inner\">\n\t\t\t\t<div class=\"elementor-element elementor-element-49b573d elementor-widget elementor-widget-heading\" data-id=\"49b573d\" data-element_type=\"widget\" data-widget_type=\"heading.default\">\n\t\t\t\t<div class=\"elementor-widget-container\">\n\t\t\t\t\t<h2 class=\"elementor-heading-title elementor-size-default\">Misi\u00f3n<\/h2>\t\t\t\t<\/div>\n\t\t\t\t<\/div>\n\t\t\t\t<div class=\"elementor-element elementor-element-c6945b1 elementor-widget elementor-widget-text-editor\" data-id=\"c6945b1\" data-element_type=\"widget\" data-widget_type=\"text-editor.default\">\n\t\t\t\t<div class=\"elementor-widget-container\">\n\t\t\t\t\t\t\t\t\t<p>Superar lo que usted espera de un servicio de carga. Proveer transporte y log\u00edstica internacional al m\u00e1s alto nivel de calidad del mercado. Brindar la mejor alternativa en log\u00edstica integral de comercio internacional, basados en la eficiencia y competitividad, para solucionar sus necesidades de distribuci\u00f3n y manejo de transporte de mercanc\u00edas.<\/p>\t\t\t\t\t\t\t\t<\/div>\n\t\t\t\t<\/div>\n\t\t\t\t\t<\/div>\n\t\t\t\t<\/div>\n\t\t<div class=\"elementor-element elementor-element-57de349 e-flex e-con-boxed e-con e-child\" data-id=\"57de349\" data-element_type=\"container\">\n\t\t\t\t\t<div class=\"e-con-inner\">\n\t\t\t\t<div class=\"elementor-element elementor-element-41020b9 elementor-widget elementor-widget-heading\" data-id=\"41020b9\" data-element_type=\"widget\" data-widget_type=\"heading.default\">\n\t\t\t\t<div class=\"elementor-widget-container\">\n\t\t\t\t\t<h2 class=\"elementor-heading-title elementor-size-default\">Servicio y Calidad\n<\/h2>\t\t\t\t<\/div>\n\t\t\t\t<\/div>\n\t\t\t\t<div class=\"elementor-element elementor-element-bfff315 elementor-widget elementor-widget-text-editor\" data-id=\"bfff315\" data-element_type=\"widget\" data-widget_type=\"text-editor.default\">\n\t\t\t\t<div class=\"elementor-widget-container\">\n\t\t\t\t\t\t\t\t\t<p>El equipo es nuestra base. Din\u00e1mico, comprometido con sus necesidades, seleccionando siempre el proveedor que mejor se ajuste a cada transacci\u00f3n. Generando con nuestros clientes relaciones interpersonales a largo plazo que nos permitan convertirnos en sus socios comerciales. Buscamos permanentemente optimizar la rentabilidad de la empresa y perfeccionar nuestra gesti\u00f3n para alcanzar los est\u00e1ndares de calidad, seguridad y cumplimiento que el mercado exige.<\/p>\t\t\t\t\t\t\t\t<\/div>\n\t\t\t\t<\/div>\n\t\t\t\t\t<\/div>\n\t\t\t\t<\/div>\n\t\t\t\t\t<\/div>\n\t\t\t\t<\/div>\n\t\t\t\t<\/div>\n\t\t","protected":false},"excerpt":{"rendered":"<p>Almar Uruguay S.A. forma parte de una red mundial de agentes de carga, con amplia experiencia en la movilizaci\u00f3n de transportes mar\u00edtimos, a\u00e9reos y terrestres. Desde nuestra fundaci\u00f3n en 1999, hemos desarrollado una estrategia definida y globalizada. \u00abDesde 1999 mirando hacia delante, iluminando el camino al costado de nuestra historia.\u00bb Los cambios y evoluciones del &#8230; <a title=\"Sobre Nosotros\" class=\"read-more\" href=\"https:\/\/almaruruguay.com\/es_es\/sobre-nosotros\/\" aria-label=\"Leer m\u00e1s sobre Sobre Nosotros\">Leer m\u00e1s<\/a><\/p>\n","protected":false},"author":3,"featured_media":0,"parent":0,"menu_order":0,"comment_status":"closed","ping_status":"closed","template":"","meta":{"inline_featured_image":false,"footnotes":""},"class_list":["post-63","page","type-page","status-publish"],"_links":{"self":[{"href":"https:\/\/almaruruguay.com\/es_es\/wp-json\/wp\/v2\/pages\/63","targetHints":{"allow":["GET"]}}],"collection":[{"href":"https:\/\/almaruruguay.com\/es_es\/wp-json\/wp\/v2\/pages"}],"about":[{"href":"https:\/\/almaruruguay.com\/es_es\/wp-json\/wp\/v2\/types\/page"}],"author":[{"embeddable":true,"href":"https:\/\/almaruruguay.com\/es_es\/wp-json\/wp\/v2\/users\/3"}],"replies":[{"embeddable":true,"href":"https:\/\/almaruruguay.com\/es_es\/wp-json\/wp\/v2\/comments?post=63"}],"version-history":[{"count":23,"href":"https:\/\/almaruruguay.com\/es_es\/wp-json\/wp\/v2\/pages\/63\/revisions"}],"predecessor-version":[{"id":1314,"href":"https:\/\/almaruruguay.com\/es_es\/wp-json\/wp\/v2\/pages\/63\/revisions\/1314"}],"wp:attachment":[{"href":"https:\/\/almaruruguay.com\/es_es\/wp-json\/wp\/v2\/media?parent=63"}],"curies":[{"name":"wp","href":"https:\/\/api.w.org\/{rel}","templated":true}]}}